{"id":24,"date":"2021-10-01T15:16:52","date_gmt":"2021-10-01T18:16:52","guid":{"rendered":"http:\/\/jobs\/pedrorochaguitar.com\/?page_id=24"},"modified":"2026-01-22T01:49:26","modified_gmt":"2026-01-22T00:49:26","slug":"biography","status":"publish","type":"page","link":"https:\/\/pedrorochaguitar.com\/pt\/biography\/","title":{"rendered":"Biografia"},"content":{"rendered":"<div data-elementor-type=\"wp-page\" data-elementor-id=\"24\" class=\"elementor elementor-24\" data-elementor-settings=\"{&quot;ha_cmc_init_switcher&quot;:&quot;no&quot;}\">\n\t\t\t\t<div class=\"elementor-element elementor-element-b6af7e0 e-flex e-con-boxed e-con e-parent\" data-id=\"b6af7e0\" data-element_type=\"container\" data-e-type=\"container\" data-settings=\"{&quot;_ha_eqh_enable&quot;:false}\">\n\t\t\t\t\t<div class=\"e-con-inner\">\n\t\t<div class=\"elementor-element elementor-element-1eb8ad9 e-con-full e-flex e-con e-child\" data-id=\"1eb8ad9\" data-element_type=\"container\" data-e-type=\"container\" data-settings=\"{&quot;_ha_eqh_enable&quot;:false}\">\n\t\t\t\t<div class=\"elementor-element elementor-element-ea68777 elementor-widget elementor-widget-text-editor\" data-id=\"ea68777\" data-element_type=\"widget\" data-e-type=\"widget\" data-widget_type=\"text-editor.default\">\n\t\t\t\t<div class=\"elementor-widget-container\">\n\t\t\t\t\t\t\t\t\t<p>Pedro Rocha \u00e9 reconhecido como um dos violonistas cl\u00e1ssicos mais influentes de sua gera\u00e7\u00e3o. Seu estilo de tocar combina um profundo entendimento da tradi\u00e7\u00e3o musical cl\u00e1ssica com a riqueza vibrante da m\u00fasica de sua terra natal, o Brasil, e com as possibilidades expressivas da m\u00fasica amplificada.<\/p><p>Pedro \u00e9 bacharel em M\u00fasica pela Universidade Nacional de Bras\u00edlia e mestre em Musicologia pela Sorbonne Universit\u00e9. Ele j\u00e1 se apresentou como solista e em conjuntos de c\u00e2mara em diversos pa\u00edses da Europa, Am\u00e9rica do Sul e \u00c1sia.<\/p><p>Entusiasta do ensino de m\u00fasica, Pedro Rocha acredita que qualquer pessoa pode aprender m\u00fasica, independentemente de sua origem ou idade. Com mais de 20.000 seguidores engajados em suas redes sociais, ele compartilha performances e v\u00eddeos tutoriais, tornando-se uma refer\u00eancia para violonistas de todas as idades.<\/p><p>Suas apresenta\u00e7\u00f5es sofisticadas, seu repert\u00f3rio diversificado e seu som impec\u00e1vel t\u00eam encantado plateias ao redor do mundo atrav\u00e9s de recitais e grava\u00e7\u00f5es, tornando-o uma verdadeira fonte de inspira\u00e7\u00e3o e encantamento.<\/p>\t\t\t\t\t\t\t\t<\/div>\n\t\t\t\t<\/div>\n\t\t\t\t<div class=\"elementor-element elementor-element-853f5cf elementor-view-stacked elementor-position-inline-start elementor-mobile-position-inline-start elementor-shape-circle elementor-widget elementor-widget-icon-box\" data-id=\"853f5cf\" data-element_type=\"widget\" data-e-type=\"widget\" data-widget_type=\"icon-box.default\">\n\t\t\t\t<div class=\"elementor-widget-container\">\n\t\t\t\t\t\t\t<div class=\"elementor-icon-box-wrapper\">\n\n\t\t\t\t\t\t<div class=\"elementor-icon-box-icon\">\n\t\t\t\t<a href=\"https:\/\/linktr.ee\/pedrorochaguitar\" class=\"elementor-icon\" tabindex=\"-1\" aria-label=\"pedrorochaguitar\">\n\t\t\t\t<svg aria-hidden=\"true\" class=\"e-font-icon-svg e-fas-at\" viewbox=\"0 0 512 512\" xmlns=\"http:\/\/www.w3.org\/2000\/svg\"><path d=\"M256 8C118.941 8 8 118.919 8 256c0 137.059 110.919 248 248 248 48.154 0 95.342-14.14 135.408-40.223 12.005-7.815 14.625-24.288 5.552-35.372l-10.177-12.433c-7.671-9.371-21.179-11.667-31.373-5.129C325.92 429.757 291.314 440 256 440c-101.458 0-184-82.542-184-184S154.542 72 256 72c100.139 0 184 57.619 184 160 0 38.786-21.093 79.742-58.17 83.693-17.349-.454-16.91-12.857-13.476-30.024l23.433-121.11C394.653 149.75 383.308 136 368.225 136h-44.981a13.518 13.518 0 0 0-13.432 11.993l-.01.092c-14.697-17.901-40.448-21.775-59.971-21.775-74.58 0-137.831 62.234-137.831 151.46 0 65.303 36.785 105.87 96 105.87 26.984 0 57.369-15.637 74.991-38.333 9.522 34.104 40.613 34.103 70.71 34.103C462.609 379.41 504 307.798 504 232 504 95.653 394.023 8 256 8zm-21.68 304.43c-22.249 0-36.07-15.623-36.07-40.771 0-44.993 30.779-72.729 58.63-72.729 22.292 0 35.601 15.241 35.601 40.77 0 45.061-33.875 72.73-58.161 72.73z\"><\/path><\/svg>\t\t\t\t<\/a>\n\t\t\t<\/div>\n\t\t\t\n\t\t\t\t\t\t<div class=\"elementor-icon-box-content\">\n\n\t\t\t\t\t\t\t\t\t<h3 class=\"elementor-icon-box-title\">\n\t\t\t\t\t\t<a href=\"https:\/\/linktr.ee\/pedrorochaguitar\" >\n\t\t\t\t\t\t\tpedrorochaguitar\t\t\t\t\t\t<\/a>\n\t\t\t\t\t<\/h3>\n\t\t\t\t\n\t\t\t\t\n\t\t\t<\/div>\n\t\t\t\n\t\t<\/div>\n\t\t\t\t\t\t<\/div>\n\t\t\t\t<\/div>\n\t\t\t\t<div class=\"elementor-element elementor-element-05974ca elementor-widget elementor-widget-image\" data-id=\"05974ca\" data-element_type=\"widget\" data-e-type=\"widget\" data-widget_type=\"image.default\">\n\t\t\t\t<div class=\"elementor-widget-container\">\n\t\t\t\t\t\t\t\t\t\t\t\t\t\t\t<img decoding=\"async\" width=\"150\" height=\"62\" src=\"https:\/\/pedrorochaguitar.com\/wp-content\/uploads\/2025\/02\/image.svg\" class=\"attachment-thumbnail size-thumbnail wp-image-2145\" alt=\"\" \/>\t\t\t\t\t\t\t\t\t\t\t\t\t\t\t<\/div>\n\t\t\t\t<\/div>\n\t\t\t\t<\/div>\n\t\t\t\t\t<\/div>\n\t\t\t\t<\/div>\n\t\t<div class=\"elementor-element elementor-element-1e8f831 e-flex e-con-boxed e-con e-parent\" data-id=\"1e8f831\" data-element_type=\"container\" data-e-type=\"container\" data-settings=\"{&quot;_ha_eqh_enable&quot;:false}\">\n\t\t\t\t\t<div class=\"e-con-inner\">\n\t\t<div class=\"elementor-element elementor-element-3a25327 e-con-full e-flex e-con e-child\" data-id=\"3a25327\" data-element_type=\"container\" data-e-type=\"container\" data-settings=\"{&quot;_ha_eqh_enable&quot;:false}\">\n\t\t\t\t<div class=\"elementor-element elementor-element-efe56da elementor-cta--valign-middle elementor-cta--skin-classic elementor-animated-content elementor-widget elementor-widget-call-to-action\" data-id=\"efe56da\" data-element_type=\"widget\" data-e-type=\"widget\" data-settings=\"{&quot;_animation&quot;:&quot;none&quot;}\" data-widget_type=\"call-to-action.default\">\n\t\t\t\t<div class=\"elementor-widget-container\">\n\t\t\t\t\t\t\t<a class=\"elementor-cta\" href=\"https:\/\/pedrorochaguitar.com\/wp-content\/uploads\/2023\/06\/SOUZA-ROCHA-Pedro-Press-kit.pdf\" target=\"_blank\" rel=\"nofollow\">\n\t\t\t\t\t\t\t<div class=\"elementor-cta__content\">\n\t\t\t\t\t\t\t\t\t<div class=\"elementor-content-item elementor-cta__content-item elementor-cta__image\">\n\t\t\t\t\t\t<img fetchpriority=\"high\" decoding=\"async\" width=\"1414\" height=\"2000\" src=\"https:\/\/pedrorochaguitar.com\/wp-content\/uploads\/2024\/03\/Pedro-rocha-1.webp\" class=\"attachment-full size-full wp-image-1454\" alt=\"\" srcset=\"https:\/\/pedrorochaguitar.com\/wp-content\/uploads\/2024\/03\/Pedro-rocha-1.webp 1414w, https:\/\/pedrorochaguitar.com\/wp-content\/uploads\/2024\/03\/Pedro-rocha-1-210x297.webp 210w, https:\/\/pedrorochaguitar.com\/wp-content\/uploads\/2024\/03\/Pedro-rocha-1-212x300.webp 212w, https:\/\/pedrorochaguitar.com\/wp-content\/uploads\/2024\/03\/Pedro-rocha-1-724x1024.webp 724w, https:\/\/pedrorochaguitar.com\/wp-content\/uploads\/2024\/03\/Pedro-rocha-1-768x1086.webp 768w, https:\/\/pedrorochaguitar.com\/wp-content\/uploads\/2024\/03\/Pedro-rocha-1-1086x1536.webp 1086w, https:\/\/pedrorochaguitar.com\/wp-content\/uploads\/2024\/03\/Pedro-rocha-1-8x12.webp 8w\" sizes=\"(max-width: 1414px) 100vw, 1414px\" \/>\t\t\t\t\t<\/div>\n\t\t\t\t\n\t\t\t\t<h2 class=\"elementor-cta__title elementor-cta__content-item elementor-content-item\">Press kit<\/h2>\n\t\t\t\t\n\t\t\t\t\t\t\t<\/div>\n\t\t\t\t\t\t<\/a>\n\t\t\t\t\t\t<\/div>\n\t\t\t\t<\/div>\n\t\t\t\t<div class=\"elementor-element elementor-element-61b9b63 elementor-align-justify elementor-widget__width-initial elementor-widget elementor-widget-button\" data-id=\"61b9b63\" data-element_type=\"widget\" data-e-type=\"widget\" data-widget_type=\"button.default\">\n\t\t\t\t<div class=\"elementor-widget-container\">\n\t\t\t\t\t\t\t\t\t<div class=\"elementor-button-wrapper\">\n\t\t\t\t\t<a class=\"elementor-button elementor-button-link elementor-size-sm elementor-animation-pulse\" href=\"https:\/\/pedrorochaguitar.com\/wp-content\/uploads\/2023\/06\/SOUZA-ROCHA-Pedro-Press-kit.pdf\">\n\t\t\t\t\t\t<span class=\"elementor-button-content-wrapper\">\n\t\t\t\t\t\t<span class=\"elementor-button-icon\">\n\t\t\t\t<svg aria-hidden=\"true\" class=\"e-font-icon-svg e-fas-cloud-download-alt\" viewbox=\"0 0 640 512\" xmlns=\"http:\/\/www.w3.org\/2000\/svg\"><path d=\"M537.6 226.6c4.1-10.7 6.4-22.4 6.4-34.6 0-53-43-96-96-96-19.7 0-38.1 6-53.3 16.2C367 64.2 315.3 32 256 32c-88.4 0-160 71.6-160 160 0 2.7.1 5.4.2 8.1C40.2 219.8 0 273.2 0 336c0 79.5 64.5 144 144 144h368c70.7 0 128-57.3 128-128 0-61.9-44-113.6-102.4-125.4zm-132.9 88.7L299.3 420.7c-6.2 6.2-16.4 6.2-22.6 0L171.3 315.3c-10.1-10.1-2.9-27.3 11.3-27.3H248V176c0-8.8 7.2-16 16-16h48c8.8 0 16 7.2 16 16v112h65.4c14.2 0 21.4 17.2 11.3 27.3z\"><\/path><\/svg>\t\t\t<\/span>\n\t\t\t\t\t\t\t\t\t<span class=\"elementor-button-text\">dowload<\/span>\n\t\t\t\t\t<\/span>\n\t\t\t\t\t<\/a>\n\t\t\t\t<\/div>\n\t\t\t\t\t\t\t\t<\/div>\n\t\t\t\t<\/div>\n\t\t\t\t<\/div>\n\t\t<div class=\"elementor-element elementor-element-c6f4717 e-con-full e-flex e-con e-child\" data-id=\"c6f4717\" data-element_type=\"container\" data-e-type=\"container\" data-settings=\"{&quot;_ha_eqh_enable&quot;:false}\">\n\t\t\t\t<div class=\"elementor-element elementor-element-7398b2f elementor-cta--valign-middle elementor-cta--skin-classic elementor-animated-content elementor-widget elementor-widget-call-to-action\" data-id=\"7398b2f\" data-element_type=\"widget\" data-e-type=\"widget\" data-settings=\"{&quot;_animation&quot;:&quot;none&quot;}\" data-widget_type=\"call-to-action.default\">\n\t\t\t\t<div class=\"elementor-widget-container\">\n\t\t\t\t\t\t\t<a class=\"elementor-cta\" href=\"https:\/\/pedrorochaguitar.com\/wp-content\/uploads\/2023\/06\/PARIS-ET-LES-DOUZE-E%CC%81TUDES-POUR-GUITARE.pdf\" target=\"_blank\" rel=\"nofollow\">\n\t\t\t\t\t\t\t<div class=\"elementor-cta__content\">\n\t\t\t\t\t\t\t\t\t<div class=\"elementor-content-item elementor-cta__content-item elementor-cta__image\">\n\t\t\t\t\t\t<img decoding=\"async\" width=\"1240\" height=\"1755\" src=\"https:\/\/pedrorochaguitar.com\/wp-content\/uploads\/2023\/06\/PARIS-ET-LES-DOUZE-E\u0301TUDES-POUR-GUITARE_compressed1-1_page-0001.jpg\" class=\"attachment-full size-full wp-image-1195\" alt=\"\" srcset=\"https:\/\/pedrorochaguitar.com\/wp-content\/uploads\/2023\/06\/PARIS-ET-LES-DOUZE-E\u0301TUDES-POUR-GUITARE_compressed1-1_page-0001.jpg 1240w, https:\/\/pedrorochaguitar.com\/wp-content\/uploads\/2023\/06\/PARIS-ET-LES-DOUZE-E\u0301TUDES-POUR-GUITARE_compressed1-1_page-0001-210x297.jpg 210w, https:\/\/pedrorochaguitar.com\/wp-content\/uploads\/2023\/06\/PARIS-ET-LES-DOUZE-E\u0301TUDES-POUR-GUITARE_compressed1-1_page-0001-212x300.jpg 212w, https:\/\/pedrorochaguitar.com\/wp-content\/uploads\/2023\/06\/PARIS-ET-LES-DOUZE-E\u0301TUDES-POUR-GUITARE_compressed1-1_page-0001-724x1024.jpg 724w, https:\/\/pedrorochaguitar.com\/wp-content\/uploads\/2023\/06\/PARIS-ET-LES-DOUZE-E\u0301TUDES-POUR-GUITARE_compressed1-1_page-0001-768x1087.jpg 768w, https:\/\/pedrorochaguitar.com\/wp-content\/uploads\/2023\/06\/PARIS-ET-LES-DOUZE-E\u0301TUDES-POUR-GUITARE_compressed1-1_page-0001-1085x1536.jpg 1085w, https:\/\/pedrorochaguitar.com\/wp-content\/uploads\/2023\/06\/PARIS-ET-LES-DOUZE-E\u0301TUDES-POUR-GUITARE_compressed1-1_page-0001-8x12.jpg 8w\" sizes=\"(max-width: 1240px) 100vw, 1240px\" \/>\t\t\t\t\t<\/div>\n\t\t\t\t\n\t\t\t\t<h2 class=\"elementor-cta__title elementor-cta__content-item elementor-content-item\">M\u00e9moire Master<\/h2>\n\t\t\t\t\n\t\t\t\t\t\t\t<\/div>\n\t\t\t\t\t\t<\/a>\n\t\t\t\t\t\t<\/div>\n\t\t\t\t<\/div>\n\t\t\t\t<div class=\"elementor-element elementor-element-a0e9064 elementor-align-justify elementor-widget__width-initial elementor-widget elementor-widget-button\" data-id=\"a0e9064\" data-element_type=\"widget\" data-e-type=\"widget\" data-widget_type=\"button.default\">\n\t\t\t\t<div class=\"elementor-widget-container\">\n\t\t\t\t\t\t\t\t\t<div class=\"elementor-button-wrapper\">\n\t\t\t\t\t<a class=\"elementor-button elementor-button-link elementor-size-sm elementor-animation-pulse\" href=\"https:\/\/pedrorochaguitar.com\/wp-content\/uploads\/2023\/06\/PARIS-ET-LES-DOUZE-E%CC%81TUDES-POUR-GUITARE.pdf\">\n\t\t\t\t\t\t<span class=\"elementor-button-content-wrapper\">\n\t\t\t\t\t\t<span class=\"elementor-button-icon\">\n\t\t\t\t<svg aria-hidden=\"true\" class=\"e-font-icon-svg e-fas-cloud-download-alt\" viewbox=\"0 0 640 512\" xmlns=\"http:\/\/www.w3.org\/2000\/svg\"><path d=\"M537.6 226.6c4.1-10.7 6.4-22.4 6.4-34.6 0-53-43-96-96-96-19.7 0-38.1 6-53.3 16.2C367 64.2 315.3 32 256 32c-88.4 0-160 71.6-160 160 0 2.7.1 5.4.2 8.1C40.2 219.8 0 273.2 0 336c0 79.5 64.5 144 144 144h368c70.7 0 128-57.3 128-128 0-61.9-44-113.6-102.4-125.4zm-132.9 88.7L299.3 420.7c-6.2 6.2-16.4 6.2-22.6 0L171.3 315.3c-10.1-10.1-2.9-27.3 11.3-27.3H248V176c0-8.8 7.2-16 16-16h48c8.8 0 16 7.2 16 16v112h65.4c14.2 0 21.4 17.2 11.3 27.3z\"><\/path><\/svg>\t\t\t<\/span>\n\t\t\t\t\t\t\t\t\t<span class=\"elementor-button-text\">dowload<\/span>\n\t\t\t\t\t<\/span>\n\t\t\t\t\t<\/a>\n\t\t\t\t<\/div>\n\t\t\t\t\t\t\t\t<\/div>\n\t\t\t\t<\/div>\n\t\t\t\t<\/div>\n\t\t\t\t\t<\/div>\n\t\t\t\t<\/div>\n\t\t\t\t<\/div>","protected":false},"excerpt":{"rendered":"<p>Pedro Rocha is regarded as one of the most influential classical guitarists of his generation. His playing style blends a profound understanding of the classical music tradition with the vibrant richness of the music from his native Brazil and the expressive possibilities of amplified music. Pedro Rocha holds a Bachelor\u2019s degree in Music from the [&hellip;]<\/p>","protected":false},"author":1,"featured_media":1488,"parent":0,"menu_order":2,"comment_status":"closed","ping_status":"closed","template":"","meta":{"_acf_changed":false,"site-sidebar-layout":"no-sidebar","site-content-layout":"page-builder","ast-site-content-layout":"full-width-container","site-content-style":"unboxed","site-sidebar-style":"unboxed","ast-global-header-display":"","ast-banner-title-visibility":"","ast-main-header-display":"","ast-hfb-above-header-display":"","ast-hfb-below-header-display":"","ast-hfb-mobile-header-display":"","site-post-title":"","ast-breadcrumbs-content":"","ast-featured-img":"disabled","footer-sml-layout":"","ast-disable-related-posts":"","theme-transparent-header-meta":"disabled","adv-header-id-meta":"","stick-header-meta":"","header-above-stick-meta":"","header-main-stick-meta":"","header-below-stick-meta":"","astra-migrate-meta-layouts":"set","ast-page-background-enabled":"default","ast-page-background-meta":{"desktop":{"background-color":"var(--ast-global-color-4)","background-image":"","background-repeat":"repeat","background-position":"center center","background-size":"auto","background-attachment":"scroll","background-type":"","background-media":"","overlay-type":"","overlay-color":"","overlay-opacity":"","overlay-gradient":""},"tablet":{"background-color":"","background-image":"","background-repeat":"repeat","background-position":"center center","background-size":"auto","background-attachment":"scroll","background-type":"","background-media":"","overlay-type":"","overlay-color":"","overlay-opacity":"","overlay-gradient":""},"mobile":{"background-color":"","background-image":"","background-repeat":"repeat","background-position":"center center","background-size":"auto","background-attachment":"scroll","background-type":"","background-media":"","overlay-type":"","overlay-color":"","overlay-opacity":"","overlay-gradient":""}},"ast-content-background-meta":{"desktop":{"background-color":"var(--ast-global-color-5)","background-image":"","background-repeat":"repeat","background-position":"center center","background-size":"auto","background-attachment":"scroll","background-type":"","background-media":"","overlay-type":"","overlay-color":"","overlay-opacity":"","overlay-gradient":""},"tablet":{"background-color":"var(--ast-global-color-5)","background-image":"","background-repeat":"repeat","background-position":"center center","background-size":"auto","background-attachment":"scroll","background-type":"","background-media":"","overlay-type":"","overlay-color":"","overlay-opacity":"","overlay-gradient":""},"mobile":{"background-color":"var(--ast-global-color-5)","background-image":"","background-repeat":"repeat","background-position":"center center","background-size":"auto","background-attachment":"scroll","background-type":"","background-media":"","overlay-type":"","overlay-color":"","overlay-opacity":"","overlay-gradient":""}},"_joinchat":[],"footnotes":""},"class_list":["post-24","page","type-page","status-publish","has-post-thumbnail","hentry"],"acf":[],"_links":{"self":[{"href":"https:\/\/pedrorochaguitar.com\/pt\/wp-json\/wp\/v2\/pages\/24","targetHints":{"allow":["GET"]}}],"collection":[{"href":"https:\/\/pedrorochaguitar.com\/pt\/wp-json\/wp\/v2\/pages"}],"about":[{"href":"https:\/\/pedrorochaguitar.com\/pt\/wp-json\/wp\/v2\/types\/page"}],"author":[{"embeddable":true,"href":"https:\/\/pedrorochaguitar.com\/pt\/wp-json\/wp\/v2\/users\/1"}],"replies":[{"embeddable":true,"href":"https:\/\/pedrorochaguitar.com\/pt\/wp-json\/wp\/v2\/comments?post=24"}],"version-history":[{"count":504,"href":"https:\/\/pedrorochaguitar.com\/pt\/wp-json\/wp\/v2\/pages\/24\/revisions"}],"predecessor-version":[{"id":3506,"href":"https:\/\/pedrorochaguitar.com\/pt\/wp-json\/wp\/v2\/pages\/24\/revisions\/3506"}],"wp:featuredmedia":[{"embeddable":true,"href":"https:\/\/pedrorochaguitar.com\/pt\/wp-json\/wp\/v2\/media\/1488"}],"wp:attachment":[{"href":"https:\/\/pedrorochaguitar.com\/pt\/wp-json\/wp\/v2\/media?parent=24"}],"curies":[{"name":"wp","href":"https:\/\/api.w.org\/{rel}","templated":true}]}}